{"id":36,"date":"2025-09-17T21:23:09","date_gmt":"2025-09-17T21:23:09","guid":{"rendered":"https:\/\/jm-miel-nozay.fr\/www\/?page_id=36"},"modified":"2026-02-08T21:05:43","modified_gmt":"2026-02-08T21:05:43","slug":"qui-sommes-nous","status":"publish","type":"page","link":"https:\/\/jm-miel-nozay.fr\/www\/","title":{"rendered":"Du miel en Essonne"},"content":{"rendered":"\n<p>Situ\u00e9 en Essonne (91) nous produisons un miel artisanal de qualit\u00e9. Nos ruches sont situ\u00e9 dans un environnement ou les culture agricoles sont \u00e0 90 pour cent bio. Le territoire est bois\u00e9 par des tilleuls, acacia, et ch\u00e2taign\u00e9. Dans la mesure du possible nous r\u00e9coltons donc du miel mono floral. Le miel est fourni dans un conditionnement de pots en verre, avec un taux d\u2019humidit\u00e9 contr\u00f4l\u00e9 garantissant une bonne conservation du produit.<\/p>\n\n\n\n<figure class=\"wp-block-image size-full is-resized\"><img loading=\"lazy\" decoding=\"async\" width=\"320\" height=\"240\" src=\"http:\/\/jm-miel-nozay.fr\/www\/wp-content\/uploads\/2025\/09\/Acacia.jpg\" alt=\"\" class=\"wp-image-84\" style=\"width:171px;height:auto\" srcset=\"https:\/\/jm-miel-nozay.fr\/www\/wp-content\/uploads\/2025\/09\/Acacia.jpg 320w, https:\/\/jm-miel-nozay.fr\/www\/wp-content\/uploads\/2025\/09\/Acacia-300x225.jpg 300w\" sizes=\"auto, (max-width: 320px) 85vw, 320px\" \/><\/figure>\n\n\n\n<p><\/p>\n","protected":false},"excerpt":{"rendered":"<p>Situ\u00e9 en Essonne (91) nous produisons un miel artisanal de qualit\u00e9. Nos ruches sont situ\u00e9 dans un environnement ou les culture agricoles sont \u00e0 90 pour cent bio. Le territoire est bois\u00e9 par des tilleuls, acacia, et ch\u00e2taign\u00e9. Dans la mesure du possible nous r\u00e9coltons donc du miel mono floral. Le miel est fourni dans &hellip; <a href=\"https:\/\/jm-miel-nozay.fr\/www\/\" class=\"more-link\">Continuer la lecture<span class=\"screen-reader-text\"> de &laquo;&nbsp;Du miel en Essonne&nbsp;&raquo;<\/span><\/a><\/p>\n","protected":false},"author":1,"featured_media":0,"parent":0,"menu_order":0,"comment_status":"closed","ping_status":"closed","template":"","meta":{"footnotes":""},"class_list":["post-36","page","type-page","status-publish","hentry"],"_links":{"self":[{"href":"https:\/\/jm-miel-nozay.fr\/www\/index.php?rest_route=\/wp\/v2\/pages\/36","targetHints":{"allow":["GET"]}}],"collection":[{"href":"https:\/\/jm-miel-nozay.fr\/www\/index.php?rest_route=\/wp\/v2\/pages"}],"about":[{"href":"https:\/\/jm-miel-nozay.fr\/www\/index.php?rest_route=\/wp\/v2\/types\/page"}],"author":[{"embeddable":true,"href":"https:\/\/jm-miel-nozay.fr\/www\/index.php?rest_route=\/wp\/v2\/users\/1"}],"replies":[{"embeddable":true,"href":"https:\/\/jm-miel-nozay.fr\/www\/index.php?rest_route=%2Fwp%2Fv2%2Fcomments&post=36"}],"version-history":[{"count":8,"href":"https:\/\/jm-miel-nozay.fr\/www\/index.php?rest_route=\/wp\/v2\/pages\/36\/revisions"}],"predecessor-version":[{"id":94,"href":"https:\/\/jm-miel-nozay.fr\/www\/index.php?rest_route=\/wp\/v2\/pages\/36\/revisions\/94"}],"wp:attachment":[{"href":"https:\/\/jm-miel-nozay.fr\/www\/index.php?rest_route=%2Fwp%2Fv2%2Fmedia&parent=36"}],"curies":[{"name":"wp","href":"https:\/\/api.w.org\/{rel}","templated":true}]}}