{"id":42,"date":"2025-09-17T21:25:41","date_gmt":"2025-09-17T21:25:41","guid":{"rendered":"https:\/\/jm-miel-nozay.fr\/www\/?page_id=42"},"modified":"2025-09-17T22:57:23","modified_gmt":"2025-09-17T22:57:23","slug":"cueilleur-dessaim","status":"publish","type":"page","link":"https:\/\/jm-miel-nozay.fr\/www\/?page_id=42","title":{"rendered":"Cueilleur d&rsquo;Essaim"},"content":{"rendered":"\n<p>La capture consiste \u00e0 enrucher l\u2019essaim, l\u2019op\u00e9ration se fait g\u00e9n\u00e9ralement en deux temps la capture de l\u2019essaim dans la journ\u00e9e, et la ruche est enlev\u00e9e \u00e0 la tomb\u00e9e de la nuit quand toutes les abeilles sont rentr\u00e9es dans leur nouveau logis. <br>A savoir l&rsquo;essaim se forme g\u00e9n\u00e9ralement entre 13 h et 14 H une intervention rapide est n\u00e9cessaire car les abeilles on un vif int\u00e9r\u00eat pou les conduit de chemin\u00e9e ou il est pratiquement impossible de les d\u00e9loger<\/p>\n\n\n\n<p>Cette op\u00e9ration est gratuite faite par nos soins, nous faisons en sorte d&rsquo;\u00eatre chez vous en moins d&rsquo;une heure. <\/p>\n\n\n\n<p>Tel:  06 52 85 77 34<\/p>\n\n\n\n<p><\/p>\n","protected":false},"excerpt":{"rendered":"<p>La capture consiste \u00e0 enrucher l\u2019essaim, l\u2019op\u00e9ration se fait g\u00e9n\u00e9ralement en deux temps la capture de l\u2019essaim dans la journ\u00e9e, et la ruche est enlev\u00e9e \u00e0 la tomb\u00e9e de la nuit quand toutes les abeilles sont rentr\u00e9es dans leur nouveau logis. A savoir l&rsquo;essaim se forme g\u00e9n\u00e9ralement entre 13 h et 14 H une intervention &hellip; <a href=\"https:\/\/jm-miel-nozay.fr\/www\/?page_id=42\" class=\"more-link\">Continuer la lecture<span class=\"screen-reader-text\"> de &laquo;&nbsp;Cueilleur d&rsquo;Essaim&nbsp;&raquo;<\/span><\/a><\/p>\n","protected":false},"author":1,"featured_media":0,"parent":0,"menu_order":0,"comment_status":"closed","ping_status":"closed","template":"","meta":{"footnotes":""},"class_list":["post-42","page","type-page","status-publish","hentry"],"_links":{"self":[{"href":"https:\/\/jm-miel-nozay.fr\/www\/index.php?rest_route=\/wp\/v2\/pages\/42","targetHints":{"allow":["GET"]}}],"collection":[{"href":"https:\/\/jm-miel-nozay.fr\/www\/index.php?rest_route=\/wp\/v2\/pages"}],"about":[{"href":"https:\/\/jm-miel-nozay.fr\/www\/index.php?rest_route=\/wp\/v2\/types\/page"}],"author":[{"embeddable":true,"href":"https:\/\/jm-miel-nozay.fr\/www\/index.php?rest_route=\/wp\/v2\/users\/1"}],"replies":[{"embeddable":true,"href":"https:\/\/jm-miel-nozay.fr\/www\/index.php?rest_route=%2Fwp%2Fv2%2Fcomments&post=42"}],"version-history":[{"count":3,"href":"https:\/\/jm-miel-nozay.fr\/www\/index.php?rest_route=\/wp\/v2\/pages\/42\/revisions"}],"predecessor-version":[{"id":80,"href":"https:\/\/jm-miel-nozay.fr\/www\/index.php?rest_route=\/wp\/v2\/pages\/42\/revisions\/80"}],"wp:attachment":[{"href":"https:\/\/jm-miel-nozay.fr\/www\/index.php?rest_route=%2Fwp%2Fv2%2Fmedia&parent=42"}],"curies":[{"name":"wp","href":"https:\/\/api.w.org\/{rel}","templated":true}]}}