{"id":7,"date":"2025-09-17T19:50:34","date_gmt":"2025-09-17T19:50:34","guid":{"rendered":"https:\/\/jm-miel-nozay.fr\/www\/?page_id=7"},"modified":"2025-09-18T20:04:22","modified_gmt":"2025-09-18T20:04:22","slug":"la-boutique","status":"publish","type":"page","link":"https:\/\/jm-miel-nozay.fr\/www\/?page_id=7","title":{"rendered":"La boutique"},"content":{"rendered":"\n<p>Produits disponibles<\/p>\n\n\n\n<p>Miel toutes Fleurs, acacia, ch\u00e2taign\u00e9e en  pot de 500 gr<br> Bonbons au Miel fabrication artisanale<br>Pain d&rsquo;\u00e9pice fabrication \u00ab\u00a0maison\u00a0\u00bb<br> Sachet cadeau comprenant un pot de miel 250 Gr, des bonbons au miel JM Miel, une bougie <\/p>\n\n\n\n<p>Nous pouvons vous proposer \u00e9galement des pr\u00e9sentations ou mini pots de miel pour offrir \u00e0 vos convives lors d&rsquo;une r\u00e9ception.<\/p>\n\n\n\n<p><\/p>\n","protected":false},"excerpt":{"rendered":"<p>Produits disponibles Miel toutes Fleurs, acacia, ch\u00e2taign\u00e9e en pot de 500 gr Bonbons au Miel fabrication artisanalePain d&rsquo;\u00e9pice fabrication \u00ab\u00a0maison\u00a0\u00bb Sachet cadeau comprenant un pot de miel 250 Gr, des bonbons au miel JM Miel, une bougie Nous pouvons vous proposer \u00e9galement des pr\u00e9sentations ou mini pots de miel pour offrir \u00e0 vos convives lors &hellip; <a href=\"https:\/\/jm-miel-nozay.fr\/www\/?page_id=7\" class=\"more-link\">Continuer la lecture<span class=\"screen-reader-text\"> de &laquo;&nbsp;La boutique&nbsp;&raquo;<\/span><\/a><\/p>\n","protected":false},"author":1,"featured_media":0,"parent":0,"menu_order":0,"comment_status":"closed","ping_status":"closed","template":"","meta":{"footnotes":""},"class_list":["post-7","page","type-page","status-publish","hentry"],"_links":{"self":[{"href":"https:\/\/jm-miel-nozay.fr\/www\/index.php?rest_route=\/wp\/v2\/pages\/7","targetHints":{"allow":["GET"]}}],"collection":[{"href":"https:\/\/jm-miel-nozay.fr\/www\/index.php?rest_route=\/wp\/v2\/pages"}],"about":[{"href":"https:\/\/jm-miel-nozay.fr\/www\/index.php?rest_route=\/wp\/v2\/types\/page"}],"author":[{"embeddable":true,"href":"https:\/\/jm-miel-nozay.fr\/www\/index.php?rest_route=\/wp\/v2\/users\/1"}],"replies":[{"embeddable":true,"href":"https:\/\/jm-miel-nozay.fr\/www\/index.php?rest_route=%2Fwp%2Fv2%2Fcomments&post=7"}],"version-history":[{"count":11,"href":"https:\/\/jm-miel-nozay.fr\/www\/index.php?rest_route=\/wp\/v2\/pages\/7\/revisions"}],"predecessor-version":[{"id":90,"href":"https:\/\/jm-miel-nozay.fr\/www\/index.php?rest_route=\/wp\/v2\/pages\/7\/revisions\/90"}],"wp:attachment":[{"href":"https:\/\/jm-miel-nozay.fr\/www\/index.php?rest_route=%2Fwp%2Fv2%2Fmedia&parent=7"}],"curies":[{"name":"wp","href":"https:\/\/api.w.org\/{rel}","templated":true}]}}